{"id":98,"date":"2024-12-05T14:32:19","date_gmt":"2024-12-05T14:32:19","guid":{"rendered":"http:\/\/longcando.id.vn\/?page_id=98"},"modified":"2024-12-16T08:35:56","modified_gmt":"2024-12-16T08:35:56","slug":"khuyen-mai","status":"publish","type":"page","link":"http:\/\/longcando.id.vn\/index.php\/khuyen-mai\/","title":{"rendered":"Khuy\u1ebfn m\u00e3i"},"content":{"rendered":"<blockquote class=\"wp-embedded-content\" data-secret=\"rucBe3q8Jm\"><p><a href=\"http:\/\/longcando.id.vn\/index.php\/2024\/12\/12\/elementor-813\/\">\ud83c\udf89 \u0110\u0102NG K\u00dd T\u00c0I KHO\u1ea2N &#8211; NH\u1eacN NGAY VOUCHER 20% T\u1ea0I P-PET SHOP! \ud83c\udf89<\/a><\/p><\/blockquote>\n<p><iframe class=\"wp-embedded-content\" sandbox=\"allow-scripts\" security=\"restricted\" style=\"position: absolute; visibility: hidden;\" title=\"&#8220;\ud83c\udf89 \u0110\u0102NG K\u00dd T\u00c0I KHO\u1ea2N &#8211; NH\u1eacN NGAY VOUCHER 20% T\u1ea0I P-PET SHOP! \ud83c\udf89&#8221; &#8212; P-Pet Shop\" src=\"http:\/\/longcando.id.vn\/index.php\/2024\/12\/12\/elementor-813\/embed\/#?secret=ckgMvpOJ2E#?secret=rucBe3q8Jm\" data-secret=\"rucBe3q8Jm\" width=\"525\" height=\"296\" frameborder=\"0\" marginwidth=\"0\" marginheight=\"0\" scrolling=\"no\"><\/iframe><\/p>\n<blockquote class=\"wp-embedded-content\" data-secret=\"uNhk0qBc1X\"><p><a href=\"http:\/\/longcando.id.vn\/index.php\/2024\/12\/10\/giang-sinh-an-lanh-cung-voi-thu-cung-cua-ban-tai-ppet-shop\/\">\ud83c\udf84Gi\u00e1ng sinh an l\u00e0nh c\u00f9ng v\u1edbi th\u00fa c\u01b0ng c\u1ee7a b\u1ea1n t\u1ea1i P-PET Shop \ud83c\udf81<\/a><\/p><\/blockquote>\n<p><iframe class=\"wp-embedded-content\" sandbox=\"allow-scripts\" security=\"restricted\" style=\"position: absolute; visibility: hidden;\" title=\"&#8220;\ud83c\udf84Gi\u00e1ng sinh an l\u00e0nh c\u00f9ng v\u1edbi th\u00fa c\u01b0ng c\u1ee7a b\u1ea1n t\u1ea1i P-PET Shop \ud83c\udf81&#8221; &#8212; P-Pet Shop\" src=\"http:\/\/longcando.id.vn\/index.php\/2024\/12\/10\/giang-sinh-an-lanh-cung-voi-thu-cung-cua-ban-tai-ppet-shop\/embed\/#?secret=EoJFpKVOvU#?secret=uNhk0qBc1X\" data-secret=\"uNhk0qBc1X\" width=\"525\" height=\"296\" frameborder=\"0\" marginwidth=\"0\" marginheight=\"0\" scrolling=\"no\"><\/iframe><\/p>\n<blockquote class=\"wp-embedded-content\" data-secret=\"ATbf3vvxQx\"><p><a href=\"http:\/\/longcando.id.vn\/index.php\/2024\/12\/12\/elementor-828\/\">\ud83c\udf89 CH\u00c0O N\u0102M M\u1edaI 1\/1 &#8211; SI\u00caU SALE &#038; S\u1eaeM T\u1ebeT C\u00d9NG P-PET SHOP! \ud83c\udf89<\/a><\/p><\/blockquote>\n<p><iframe class=\"wp-embedded-content\" sandbox=\"allow-scripts\" security=\"restricted\" style=\"position: absolute; visibility: hidden;\" title=\"&#8220;\ud83c\udf89 CH\u00c0O N\u0102M M\u1edaI 1\/1 &#8211; SI\u00caU SALE &#038; S\u1eaeM T\u1ebeT C\u00d9NG P-PET SHOP! \ud83c\udf89&#8221; &#8212; P-Pet Shop\" src=\"http:\/\/longcando.id.vn\/index.php\/2024\/12\/12\/elementor-828\/embed\/#?secret=GtTGaRnKgU#?secret=ATbf3vvxQx\" data-secret=\"ATbf3vvxQx\" width=\"525\" height=\"296\" frameborder=\"0\" marginwidth=\"0\" marginheight=\"0\" scrolling=\"no\"><\/iframe><\/p>\n<blockquote class=\"wp-embedded-content\" data-secret=\"1tfwRGeCFi\"><p><a href=\"http:\/\/longcando.id.vn\/index.php\/2024\/12\/16\/p-pet-shop-valentine-ngot-ngao-cho-thu-cung-cua-ban\/\">\u00a0P-PET SHOP: VALENTINE NG\u1eccT NG\u00c0O CHO TH\u00da C\u01afNG C\u1ee6A B\u1ea0N!\u00a0<\/a><\/p><\/blockquote>\n<p><iframe class=\"wp-embedded-content\" sandbox=\"allow-scripts\" security=\"restricted\" style=\"position: absolute; visibility: hidden;\" title=\"&#8220;\u00a0P-PET SHOP: VALENTINE NG\u1eccT NG\u00c0O CHO TH\u00da C\u01afNG C\u1ee6A B\u1ea0N!\u00a0&#8221; &#8212; P-Pet Shop\" src=\"http:\/\/longcando.id.vn\/index.php\/2024\/12\/16\/p-pet-shop-valentine-ngot-ngao-cho-thu-cung-cua-ban\/embed\/#?secret=V8ixr4fCZY#?secret=1tfwRGeCFi\" data-secret=\"1tfwRGeCFi\" width=\"525\" height=\"296\" frameborder=\"0\" marginwidth=\"0\" marginheight=\"0\" scrolling=\"no\"><\/iframe><\/p>\n<p>&nbsp;<\/p>\n","protected":false},"excerpt":{"rendered":"<p>\ud83c\udf89 \u0110\u0102NG K\u00dd T\u00c0I KHO\u1ea2N &#8211; NH\u1eacN NGAY VOUCHER 20% T\u1ea0I P-PET SHOP! \ud83c\udf89 \ud83c\udf84Gi\u00e1ng sinh an l\u00e0nh c\u00f9ng v\u1edbi th\u00fa c\u01b0ng c\u1ee7a b\u1ea1n t\u1ea1i P-PET Shop \ud83c\udf81 \ud83c\udf89 CH\u00c0O N\u0102M M\u1edaI 1\/1 &#8211; SI\u00caU SALE &#038; S\u1eaeM T\u1ebeT C\u00d9NG P-PET SHOP! \ud83c\udf89 \u00a0P-PET SHOP: VALENTINE NG\u1eccT NG\u00c0O CHO TH\u00da C\u01afNG C\u1ee6A B\u1ea0N!\u00a0 &nbsp;<\/p>\n","protected":false},"author":1,"featured_media":776,"parent":0,"menu_order":0,"comment_status":"closed","ping_status":"closed","template":"","meta":{"footnotes":""},"class_list":["post-98","page","type-page","status-publish","has-post-thumbnail","hentry"],"jetpack_sharing_enabled":true,"_links":{"self":[{"href":"http:\/\/longcando.id.vn\/index.php\/wp-json\/wp\/v2\/pages\/98","targetHints":{"allow":["GET"]}}],"collection":[{"href":"http:\/\/longcando.id.vn\/index.php\/wp-json\/wp\/v2\/pages"}],"about":[{"href":"http:\/\/longcando.id.vn\/index.php\/wp-json\/wp\/v2\/types\/page"}],"author":[{"embeddable":true,"href":"http:\/\/longcando.id.vn\/index.php\/wp-json\/wp\/v2\/users\/1"}],"replies":[{"embeddable":true,"href":"http:\/\/longcando.id.vn\/index.php\/wp-json\/wp\/v2\/comments?post=98"}],"version-history":[{"count":8,"href":"http:\/\/longcando.id.vn\/index.php\/wp-json\/wp\/v2\/pages\/98\/revisions"}],"predecessor-version":[{"id":952,"href":"http:\/\/longcando.id.vn\/index.php\/wp-json\/wp\/v2\/pages\/98\/revisions\/952"}],"wp:featuredmedia":[{"embeddable":true,"href":"http:\/\/longcando.id.vn\/index.php\/wp-json\/wp\/v2\/media\/776"}],"wp:attachment":[{"href":"http:\/\/longcando.id.vn\/index.php\/wp-json\/wp\/v2\/media?parent=98"}],"curies":[{"name":"wp","href":"https:\/\/api.w.org\/{rel}","templated":true}]}}