{"id":82,"date":"2024-12-05T11:03:05","date_gmt":"2024-12-05T11:03:05","guid":{"rendered":"http:\/\/longcando.id.vn\/?page_id=82"},"modified":"2024-12-12T08:43:45","modified_gmt":"2024-12-12T08:43:45","slug":"gioi-thieu","status":"publish","type":"page","link":"http:\/\/longcando.id.vn\/index.php\/gioi-thieu\/","title":{"rendered":"Gi\u1edbi thi\u1ec7u"},"content":{"rendered":"\t\t<div data-elementor-type=\"wp-page\" data-elementor-id=\"82\" class=\"elementor elementor-82\">\n\t\t\t\t<header class=\"elementor-element elementor-element-565bf880 e-con-full e-flex e-con e-parent\" data-id=\"565bf880\" data-element_type=\"container\">\n\t\t<div class=\"elementor-element elementor-element-5a265330 e-con-full e-flex e-con e-child\" data-id=\"5a265330\" data-element_type=\"container\">\n\t\t\t\t<div class=\"elementor-element elementor-element-434d5697 elementor-widget elementor-widget-image\" data-id=\"434d5697\" data-element_type=\"widget\" data-widget_type=\"image.default\">\n\t\t\t\t<div class=\"elementor-widget-container\">\n\t\t\t\t\t\t\t\t\t\t\t\t\t<img decoding=\"async\" width=\"201\" height=\"186\" src=\"http:\/\/longcando.id.vn\/wp-content\/uploads\/2024\/12\/cropped-cropped-Logo-1.png\" class=\"attachment-full size-full wp-image-724\" alt=\"\" \/>\t\t\t\t\t\t\t\t\t\t\t\t\t<\/div>\n\t\t\t\t<\/div>\n\t\t\t\t<\/div>\n\t\t\t\t<div class=\"elementor-element elementor-element-b713e14 elementor-widget__width-initial elementor-widget elementor-widget-heading\" data-id=\"b713e14\" data-element_type=\"widget\" data-widget_type=\"heading.default\">\n\t\t\t\t<div class=\"elementor-widget-container\">\n\t\t\t<h1 class=\"elementor-heading-title elementor-size-default\"><br><br><p><strong>Gi\u1edbi thi\u1ec7u v\u1ec1 <\/strong>P-PET Shop <\/p><br><p><strong>Th\u1ebf gi\u1edbi d\u00e0nh cho th\u00fa c\u01b0ng c\u1ee7a b\u1ea1n!<\/strong><span style=\"font-size: 4px\"><\/span><\/p><\/h1>\t\t<\/div>\n\t\t\t\t<\/div>\n\t\t\t\t<div class=\"elementor-element elementor-element-db5db4b elementor-widget__width-initial elementor-widget elementor-widget-image\" data-id=\"db5db4b\" data-element_type=\"widget\" data-widget_type=\"image.default\">\n\t\t\t\t<div class=\"elementor-widget-container\">\n\t\t\t\t\t\t\t\t\t\t\t\t\t<img decoding=\"async\" width=\"201\" height=\"186\" src=\"http:\/\/longcando.id.vn\/wp-content\/uploads\/2024\/12\/cropped-cropped-Logo-1.png\" class=\"attachment-large size-large wp-image-724\" alt=\"\" \/>\t\t\t\t\t\t\t\t\t\t\t\t\t<\/div>\n\t\t\t\t<\/div>\n\t\t\t\t<\/header>\n\t\t<div class=\"elementor-element elementor-element-7817eeab e-con-full e-flex e-con e-parent\" data-id=\"7817eeab\" data-element_type=\"container\">\n\t\t\t\t<div class=\"elementor-element elementor-element-2a7cedc4 elementor-widget__width-initial elementor-widget elementor-widget-text-editor\" data-id=\"2a7cedc4\" data-element_type=\"widget\" data-widget_type=\"text-editor.default\">\n\t\t\t\t<div class=\"elementor-widget-container\">\n\t\t\t\t\t\t\t<p>\u00a0 \u00a0 \u00a0P-PET Shop t\u1ef1 h\u00e0o l\u00e0 \u0111\u1ecba ch\u1ec9 uy t\u00edn chuy\u00ean cung c\u1ea5p c\u00e1c s\u1ea3n ph\u1ea9m v\u00e0 d\u1ecbch v\u1ee5 d\u00e0nh ri\u00eang cho ch\u00f3, m\u00e8o. V\u1edbi s\u1ee9 m\u1ec7nh mang \u0111\u1ebfn s\u1ef1 tho\u1ea3i m\u00e1i, ti\u1ec7n l\u1ee3i v\u00e0 ch\u1ea5t l\u01b0\u1ee3ng cao cho th\u00fa c\u01b0ng, ch\u00fang t\u00f4i kh\u00f4ng ng\u1eebng n\u1ed7 l\u1ef1c \u0111\u1ec3 tr\u1edf th\u00e0nh ng\u01b0\u1eddi b\u1ea1n \u0111\u1ed3ng h\u00e0nh \u0111\u00e1ng tin c\u1eady c\u1ee7a m\u1ecdi gia \u0111\u00ecnh y\u00eau th\u00fa c\u01b0ng.<\/p>\t\t\t\t\t\t<\/div>\n\t\t\t\t<\/div>\n\t\t\t\t<\/div>\n\t\t<div class=\"elementor-element elementor-element-71ae6f12 e-con-full e-flex e-con e-parent\" data-id=\"71ae6f12\" data-element_type=\"container\" data-settings=\"{&quot;background_background&quot;:&quot;gradient&quot;}\">\n\t\t<div class=\"elementor-element elementor-element-617cbf44 e-con-full e-flex e-con e-child\" data-id=\"617cbf44\" data-element_type=\"container\">\n\t\t\t\t<div class=\"elementor-element elementor-element-14f81dd0 elementor-widget elementor-widget-image\" data-id=\"14f81dd0\" data-element_type=\"widget\" data-widget_type=\"image.default\">\n\t\t\t\t<div class=\"elementor-widget-container\">\n\t\t\t\t\t\t\t\t\t\t\t\t\t<img fetchpriority=\"high\" decoding=\"async\" width=\"525\" height=\"371\" src=\"http:\/\/longcando.id.vn\/wp-content\/uploads\/2024\/12\/Cach-khu-mui-hoi-cho-meo-hieu-qua-nhat-1.jpg\" class=\"attachment-large size-large wp-image-707\" alt=\"\" srcset=\"http:\/\/longcando.id.vn\/wp-content\/uploads\/2024\/12\/Cach-khu-mui-hoi-cho-meo-hieu-qua-nhat-1.jpg 640w, http:\/\/longcando.id.vn\/wp-content\/uploads\/2024\/12\/Cach-khu-mui-hoi-cho-meo-hieu-qua-nhat-1-300x212.jpg 300w, http:\/\/longcando.id.vn\/wp-content\/uploads\/2024\/12\/Cach-khu-mui-hoi-cho-meo-hieu-qua-nhat-1-600x424.jpg 600w\" sizes=\"(max-width: 525px) 100vw, 525px\" \/>\t\t\t\t\t\t\t\t\t\t\t\t\t<\/div>\n\t\t\t\t<\/div>\n\t\t\t\t<\/div>\n\t\t<div class=\"elementor-element elementor-element-21734078 e-con-full e-flex e-con e-child\" data-id=\"21734078\" data-element_type=\"container\">\n\t\t\t\t<div class=\"elementor-element elementor-element-616b4095 elementor-widget elementor-widget-heading\" data-id=\"616b4095\" data-element_type=\"widget\" data-widget_type=\"heading.default\">\n\t\t\t\t<div class=\"elementor-widget-container\">\n\t\t\t<h3 class=\"elementor-heading-title elementor-size-default\">T\u1ea1i sao ch\u1ecdn P-Pet Shop?<\/h3>\t\t<\/div>\n\t\t\t\t<\/div>\n\t\t\t\t<div class=\"elementor-element elementor-element-10bfe6d6 elementor-widget elementor-widget-text-editor\" data-id=\"10bfe6d6\" data-element_type=\"widget\" data-widget_type=\"text-editor.default\">\n\t\t\t\t<div class=\"elementor-widget-container\">\n\t\t\t\t\t\t\t<p><strong>1. S\u1ea3n ph\u1ea9m \u0111a d\u1ea1ng<\/strong><\/p>\t\t\t\t\t\t<\/div>\n\t\t\t\t<\/div>\n\t\t\t\t<div class=\"elementor-element elementor-element-13cf9032 elementor-widget elementor-widget-text-editor\" data-id=\"13cf9032\" data-element_type=\"widget\" data-widget_type=\"text-editor.default\">\n\t\t\t\t<div class=\"elementor-widget-container\">\n\t\t\t\t\t\t\t<p style=\"text-align: left;\">&#8211; \u0110\u1ed3 \u0103n cho ch\u00f3, m\u00e8o t\u1eeb c\u00e1c th\u01b0\u01a1ng hi\u1ec7u h\u00e0ng \u0111\u1ea7u.<\/p>\n<p><span style=\"text-wrap-mode: initial; letter-spacing: 0px; word-spacing: 0em;\">&#8211; Ph\u1ee5 ki\u1ec7n nh\u01b0 v\u00f2ng c\u1ed5, d\u00e2y d\u1eaft, qu\u1ea7n \u00e1o, \u0111\u1ed3 ch\u01a1i s\u00e1ng t\u1ea1o.<\/span><\/p>\n<p>&#8211; S\u1ea3n ph\u1ea9m ch\u0103m s\u00f3c s\u1ee9c kh\u1ecfe v\u00e0 v\u1ec7 sinh nh\u01b0 s\u1eefa t\u1eafm, c\u00e1t v\u1ec7 sinh, v\u00e0 d\u1ee5ng c\u1ee5 l\u00e0m s\u1ea1ch l\u00f4ng.<\/p>\t\t\t\t\t\t<\/div>\n\t\t\t\t<\/div>\n\t\t\t\t<\/div>\n\t\t\t\t<\/div>\n\t\t<div class=\"elementor-element elementor-element-fde8769 e-con-full e-flex e-con e-parent\" data-id=\"fde8769\" data-element_type=\"container\" data-settings=\"{&quot;background_background&quot;:&quot;gradient&quot;}\">\n\t\t<div class=\"elementor-element elementor-element-7d58298 e-con-full e-flex e-con e-child\" data-id=\"7d58298\" data-element_type=\"container\">\n\t\t\t\t<div class=\"elementor-element elementor-element-20f3acf elementor-widget elementor-widget-text-editor\" data-id=\"20f3acf\" data-element_type=\"widget\" data-widget_type=\"text-editor.default\">\n\t\t\t\t<div class=\"elementor-widget-container\">\n\t\t\t\t\t\t\t<p><strong>2. Ch\u1ea5t l\u01b0\u1ee3ng \u0111\u1ea3m b\u1ea3o v\u1edbi gi\u00e1 c\u1ea3 h\u1ee3p l\u00fd<\/strong><\/p>\t\t\t\t\t\t<\/div>\n\t\t\t\t<\/div>\n\t\t\t\t<div class=\"elementor-element elementor-element-0969621 elementor-widget elementor-widget-text-editor\" data-id=\"0969621\" data-element_type=\"widget\" data-widget_type=\"text-editor.default\">\n\t\t\t\t<div class=\"elementor-widget-container\">\n\t\t\t\t\t\t\t<p>M\u1ecdi s\u1ea3n ph\u1ea9m t\u1ea1i P-PET Shop \u0111\u1ec1u \u0111\u01b0\u1ee3c ki\u1ec3m \u0111\u1ecbnh ch\u1eb7t ch\u1ebd, \u0111\u1ea3m b\u1ea3o an to\u00e0n v\u00e0 ph\u00f9 h\u1ee3p v\u1edbi c\u00e1c ti\u00eau chu\u1ea9n qu\u1ed1c t\u1ebf v\u1ec1 ch\u0103m s\u00f3c th\u00fa c\u01b0ng v\u1edbi\u00a0gi\u00e1 c\u1ea3 c\u1ea1nh tranh v\u00e0 th\u01b0\u1eddng xuy\u00ean c\u00f3 c\u00e1c ch\u01b0\u01a1ng tr\u00ecnh khuy\u1ebfn m\u00e3i h\u1ea5p d\u1eabn cho kh\u00e1ch h\u00e0ng th\u00e2n thi\u1ebft.<\/p>\t\t\t\t\t\t<\/div>\n\t\t\t\t<\/div>\n\t\t\t\t<\/div>\n\t\t\t\t<\/div>\n\t\t<div class=\"elementor-element elementor-element-7abec73 e-con-full e-flex e-con e-parent\" data-id=\"7abec73\" data-element_type=\"container\" data-settings=\"{&quot;background_background&quot;:&quot;gradient&quot;}\">\n\t\t<div class=\"elementor-element elementor-element-2901b69 e-con-full e-flex e-con e-child\" data-id=\"2901b69\" data-element_type=\"container\">\n\t\t\t\t<div class=\"elementor-element elementor-element-6e28007 elementor-widget elementor-widget-image\" data-id=\"6e28007\" data-element_type=\"widget\" data-widget_type=\"image.default\">\n\t\t\t\t<div class=\"elementor-widget-container\">\n\t\t\t\t\t\t\t\t\t\t\t\t\t<img loading=\"lazy\" decoding=\"async\" width=\"525\" height=\"394\" src=\"http:\/\/longcando.id.vn\/wp-content\/uploads\/2024\/12\/3de9147d-b78d-458a-b0e4-f4f80da52849_7e1bf42c6317405f9a87a28a3cf73114_grande.webp\" class=\"attachment-large size-large wp-image-716\" alt=\"\" srcset=\"http:\/\/longcando.id.vn\/wp-content\/uploads\/2024\/12\/3de9147d-b78d-458a-b0e4-f4f80da52849_7e1bf42c6317405f9a87a28a3cf73114_grande.webp 600w, http:\/\/longcando.id.vn\/wp-content\/uploads\/2024\/12\/3de9147d-b78d-458a-b0e4-f4f80da52849_7e1bf42c6317405f9a87a28a3cf73114_grande-300x225.webp 300w\" sizes=\"(max-width: 525px) 100vw, 525px\" \/>\t\t\t\t\t\t\t\t\t\t\t\t\t<\/div>\n\t\t\t\t<\/div>\n\t\t\t\t<\/div>\n\t\t<div class=\"elementor-element elementor-element-d070a32 e-con-full e-flex e-con e-child\" data-id=\"d070a32\" data-element_type=\"container\">\n\t\t\t\t<div class=\"elementor-element elementor-element-5191f16 elementor-widget elementor-widget-text-editor\" data-id=\"5191f16\" data-element_type=\"widget\" data-widget_type=\"text-editor.default\">\n\t\t\t\t<div class=\"elementor-widget-container\">\n\t\t\t\t\t\t\t<p><strong>3. D\u1ecbch v\u1ee5 h\u1ed7 tr\u1ee3 t\u1eadn t\u00e2m<\/strong><\/p>\t\t\t\t\t\t<\/div>\n\t\t\t\t<\/div>\n\t\t\t\t<div class=\"elementor-element elementor-element-d7a7df6 elementor-widget elementor-widget-text-editor\" data-id=\"d7a7df6\" data-element_type=\"widget\" data-widget_type=\"text-editor.default\">\n\t\t\t\t<div class=\"elementor-widget-container\">\n\t\t\t\t\t\t\t<p>\u0110\u1ed9i ng\u0169 nh\u00e2n vi\u00ean am hi\u1ec3u v\u1ec1 th\u00fa c\u01b0ng s\u1eb5n s\u00e0ng t\u01b0 v\u1ea5n \u0111\u1ec3 b\u1ea1n l\u1ef1a ch\u1ecdn s\u1ea3n ph\u1ea9m ph\u00f9 h\u1ee3p nh\u1ea5t v\u1edbi nhu c\u1ea7u c\u1ee7a \u201cboss\u201d nh\u00e0 m\u00ecnh. D\u1ecbch v\u1ee5 giao h\u00e0ng to\u00e0n qu\u1ed1c ti\u1ec7n l\u1ee3i, gi\u00fap b\u1ea1n nh\u1eadn \u0111\u01b0\u1ee3c s\u1ea3n ph\u1ea9m trong th\u1eddi gian ng\u1eafn nh\u1ea5t.<\/p>\t\t\t\t\t\t<\/div>\n\t\t\t\t<\/div>\n\t\t\t\t<\/div>\n\t\t\t\t<\/div>\n\t\t<div class=\"elementor-element elementor-element-18967cbf e-con-full e-flex e-con e-parent\" data-id=\"18967cbf\" data-element_type=\"container\" data-settings=\"{&quot;background_background&quot;:&quot;classic&quot;}\">\n\t\t<div class=\"elementor-element elementor-element-69d89869 e-con-full e-flex e-con e-child\" data-id=\"69d89869\" data-element_type=\"container\">\n\t\t\t\t<div class=\"elementor-element elementor-element-1ca9c2ea elementor-widget elementor-widget-heading\" data-id=\"1ca9c2ea\" data-element_type=\"widget\" data-widget_type=\"heading.default\">\n\t\t\t\t<div class=\"elementor-widget-container\">\n\t\t\t<h3 class=\"elementor-heading-title elementor-size-default\">P-PET Shop \u2013 K\u1ebft n\u1ed1i y\u00eau th\u01b0\u01a1ng<\/h3>\t\t<\/div>\n\t\t\t\t<\/div>\n\t\t\t\t<div class=\"elementor-element elementor-element-5d9449f7 elementor-widget elementor-widget-text-editor\" data-id=\"5d9449f7\" data-element_type=\"widget\" data-widget_type=\"text-editor.default\">\n\t\t\t\t<div class=\"elementor-widget-container\">\n\t\t\t\t\t\t\t<p>P-PET Shop kh\u00f4ng ch\u1ec9 l\u00e0 n\u01a1i mua s\u1eafm m\u00e0 c\u00f2n l\u00e0 c\u1ed9ng \u0111\u1ed3ng c\u1ee7a nh\u1eefng ng\u01b0\u1eddi y\u00eau th\u01b0\u01a1ng th\u00fa c\u01b0ng. Ch\u00fang t\u00f4i th\u01b0\u1eddng xuy\u00ean c\u1eadp nh\u1eadt nh\u1eefng b\u00e0i vi\u1ebft h\u1eefu \u00edch v\u1ec1 c\u00e1ch ch\u0103m s\u00f3c ch\u00f3, m\u00e8o, c\u0169ng nh\u01b0 t\u1ed5 ch\u1ee9c c\u00e1c s\u1ef1 ki\u1ec7n giao l\u01b0u \u0111\u1ec3 m\u1ecdi ng\u01b0\u1eddi chia s\u1ebb kinh nghi\u1ec7m.<\/p>\t\t\t\t\t\t<\/div>\n\t\t\t\t<\/div>\n\t\t\t\t<\/div>\n\t\t<div class=\"elementor-element elementor-element-267675f8 e-con-full e-flex e-con e-child\" data-id=\"267675f8\" data-element_type=\"container\">\n\t\t\t\t<div class=\"elementor-element elementor-element-473bceb0 elementor-widget elementor-widget-image\" data-id=\"473bceb0\" data-element_type=\"widget\" data-widget_type=\"image.default\">\n\t\t\t\t<div class=\"elementor-widget-container\">\n\t\t\t\t\t\t\t\t\t\t\t\t\t<img loading=\"lazy\" decoding=\"async\" width=\"525\" height=\"364\" src=\"http:\/\/longcando.id.vn\/wp-content\/uploads\/2024\/12\/1-7.png\" class=\"attachment-large size-large wp-image-727\" alt=\"\" srcset=\"http:\/\/longcando.id.vn\/wp-content\/uploads\/2024\/12\/1-7.png 784w, http:\/\/longcando.id.vn\/wp-content\/uploads\/2024\/12\/1-7-300x208.png 300w, http:\/\/longcando.id.vn\/wp-content\/uploads\/2024\/12\/1-7-768x533.png 768w, http:\/\/longcando.id.vn\/wp-content\/uploads\/2024\/12\/1-7-600x416.png 600w\" sizes=\"(max-width: 525px) 100vw, 525px\" \/>\t\t\t\t\t\t\t\t\t\t\t\t\t<\/div>\n\t\t\t\t<\/div>\n\t\t\t\t<\/div>\n\t\t\t\t<\/div>\n\t\t<div class=\"elementor-element elementor-element-3083f6b e-con-full e-flex e-con e-parent\" data-id=\"3083f6b\" data-element_type=\"container\">\n\t\t\t\t<div class=\"elementor-element elementor-element-877975d elementor-widget__width-initial elementor-widget elementor-widget-text-editor\" data-id=\"877975d\" data-element_type=\"widget\" data-widget_type=\"text-editor.default\">\n\t\t\t\t<div class=\"elementor-widget-container\">\n\t\t\t\t\t\t\t<p><strong>\u00a0 H\u00e3y \u0111\u1ec3 P-PET Shop \u0111\u1ed3ng h\u00e0nh c\u00f9ng b\u1ea1n trong h\u00e0nh tr\u00ecnh ch\u0103m s\u00f3c v\u00e0 y\u00eau th\u01b0\u01a1ng th\u00fa c\u01b0ng!<\/strong><\/p>\t\t\t\t\t\t<\/div>\n\t\t\t\t<\/div>\n\t\t\t\t<\/div>\n\t\t<div class=\"elementor-element elementor-element-2b22fef2 e-con-full e-flex e-con e-parent\" data-id=\"2b22fef2\" data-element_type=\"container\">\n\t\t<div class=\"elementor-element elementor-element-12ae24f2 e-con-full e-flex e-con e-child\" data-id=\"12ae24f2\" data-element_type=\"container\" data-settings=\"{&quot;background_background&quot;:&quot;classic&quot;}\">\n\t\t\t\t<div class=\"elementor-element elementor-element-490d428a elementor-widget elementor-widget-google_maps\" data-id=\"490d428a\" data-element_type=\"widget\" data-widget_type=\"google_maps.default\">\n\t\t\t\t<div class=\"elementor-widget-container\">\n\t\t\t\t\t<div class=\"elementor-custom-embed\">\n\t\t\t<iframe loading=\"lazy\"\n\t\t\t\t\tsrc=\"https:\/\/maps.google.com\/maps?q=Tr%C6%B0%E1%BB%9Dng%20%C4%90%E1%BA%A1i%20h%E1%BB%8Dc%20C%C3%B4ng%20ngh%E1%BB%87%20th%C3%B4ng%20tin%20%C4%90%C6%B0%E1%BB%9Dng%20H%C3%A0n%20Thuy%C3%AAn%2C%20khu%20ph%E1%BB%91%206%20P%2C%20Th%E1%BB%A7%20%C4%90%E1%BB%A9c%2C%20H%E1%BB%93%20Ch%C3%AD%20Minh%2C%20Vi%E1%BB%87t%20Nam%20&#038;t=m&#038;z=17&#038;output=embed&#038;iwloc=near\"\n\t\t\t\t\ttitle=\"Tr\u01b0\u1eddng \u0110\u1ea1i h\u1ecdc C\u00f4ng ngh\u1ec7 th\u00f4ng tin \u0110\u01b0\u1eddng H\u00e0n Thuy\u00ean, khu ph\u1ed1 6 P, Th\u1ee7 \u0110\u1ee9c, H\u1ed3 Ch\u00ed Minh, Vi\u1ec7t Nam \"\n\t\t\t\t\taria-label=\"Tr\u01b0\u1eddng \u0110\u1ea1i h\u1ecdc C\u00f4ng ngh\u1ec7 th\u00f4ng tin \u0110\u01b0\u1eddng H\u00e0n Thuy\u00ean, khu ph\u1ed1 6 P, Th\u1ee7 \u0110\u1ee9c, H\u1ed3 Ch\u00ed Minh, Vi\u1ec7t Nam \"\n\t\t\t><\/iframe>\n\t\t<\/div>\n\t\t\t\t<\/div>\n\t\t\t\t<\/div>\n\t\t\t\t<\/div>\n\t\t<div class=\"elementor-element elementor-element-4c18a3b e-con-full e-flex e-con e-child\" data-id=\"4c18a3b\" data-element_type=\"container\">\n\t\t\t\t<div class=\"elementor-element elementor-element-d3c0a59 elementor-widget elementor-widget-icon-box\" data-id=\"d3c0a59\" data-element_type=\"widget\" data-widget_type=\"icon-box.default\">\n\t\t\t\t<div class=\"elementor-widget-container\">\n\t\t\t\t\t<div class=\"elementor-icon-box-wrapper\">\n\n\t\t\t\n\t\t\t\t\t\t<div class=\"elementor-icon-box-content\">\n\n\t\t\t\t\t\t\t\t\t<h4 class=\"elementor-icon-box-title\">\n\t\t\t\t\t\t<span  >\n\t\t\t\t\t\t\t\u0110\u1ecba ch\u1ec9:\t\t\t\t\t\t<\/span>\n\t\t\t\t\t<\/h4>\n\t\t\t\t\n\t\t\t\t\t\t\t\t\t<p class=\"elementor-icon-box-description\">\n\t\t\t\t\t\tKhu ph\u1ed1 6, P.Linh Trung, Tp.Th\u1ee7 \u0110\u1ee9c, Tp.H\u1ed3 Ch\u00ed Minh.\t\t\t\t\t<\/p>\n\t\t\t\t\n\t\t\t<\/div>\n\t\t\t\n\t\t<\/div>\n\t\t\t\t<\/div>\n\t\t\t\t<\/div>\n\t\t\t\t<div class=\"elementor-element elementor-element-716a3d4 elementor-widget elementor-widget-icon-box\" data-id=\"716a3d4\" data-element_type=\"widget\" data-widget_type=\"icon-box.default\">\n\t\t\t\t<div class=\"elementor-widget-container\">\n\t\t\t\t\t<div class=\"elementor-icon-box-wrapper\">\n\n\t\t\t\n\t\t\t\t\t\t<div class=\"elementor-icon-box-content\">\n\n\t\t\t\t\t\t\t\t\t<h4 class=\"elementor-icon-box-title\">\n\t\t\t\t\t\t<span  >\n\t\t\t\t\t\t\tLi\u00ean h\u1ec7:\t\t\t\t\t\t<\/span>\n\t\t\t\t\t<\/h4>\n\t\t\t\t\n\t\t\t\t\t\t\t\t\t<p class=\"elementor-icon-box-description\">\n\t\t\t\t\t\t0981 839 485\t\t\t\t\t<\/p>\n\t\t\t\t\n\t\t\t<\/div>\n\t\t\t\n\t\t<\/div>\n\t\t\t\t<\/div>\n\t\t\t\t<\/div>\n\t\t\t\t<div class=\"elementor-element elementor-element-c049ea4 elementor-widget elementor-widget-icon-box\" data-id=\"c049ea4\" data-element_type=\"widget\" data-widget_type=\"icon-box.default\">\n\t\t\t\t<div class=\"elementor-widget-container\">\n\t\t\t\t\t<div class=\"elementor-icon-box-wrapper\">\n\n\t\t\t\n\t\t\t\t\t\t<div class=\"elementor-icon-box-content\">\n\n\t\t\t\t\t\t\t\t\t<h4 class=\"elementor-icon-box-title\">\n\t\t\t\t\t\t<span  >\n\t\t\t\t\t\t\tGmail:\t\t\t\t\t\t<\/span>\n\t\t\t\t\t<\/h4>\n\t\t\t\t\n\t\t\t\t\t\t\t\t\t<p class=\"elementor-icon-box-description\">\n\t\t\t\t\t\t23520885@gm.uit.edu.vn\t\t\t\t\t<\/p>\n\t\t\t\t\n\t\t\t<\/div>\n\t\t\t\n\t\t<\/div>\n\t\t\t\t<\/div>\n\t\t\t\t<\/div>\n\t\t\t\t<\/div>\n\t\t\t\t<\/div>\n\t\t<div class=\"elementor-element elementor-element-183a4081 e-con-full e-flex e-con e-parent\" data-id=\"183a4081\" data-element_type=\"container\" data-settings=\"{&quot;background_background&quot;:&quot;classic&quot;}\">\n\t\t\t\t<div class=\"elementor-element elementor-element-31ef36cb elementor-widget elementor-widget-heading\" data-id=\"31ef36cb\" data-element_type=\"widget\" data-widget_type=\"heading.default\">\n\t\t\t\t<div class=\"elementor-widget-container\">\n\t\t\t<p class=\"elementor-heading-title elementor-size-default\">\u00a9 All Rights Reserved.<\/p>\t\t<\/div>\n\t\t\t\t<\/div>\n\t\t\t\t<\/div>\n\t\t\t\t<\/div>\n\t\t","protected":false},"excerpt":{"rendered":"<p>Gi\u1edbi thi\u1ec7u v\u1ec1 P-PET Shop Th\u1ebf gi\u1edbi d\u00e0nh cho th\u00fa c\u01b0ng c\u1ee7a b\u1ea1n! \u00a0 \u00a0 \u00a0P-PET Shop t\u1ef1 h\u00e0o l\u00e0 \u0111\u1ecba ch\u1ec9 uy t\u00edn chuy\u00ean cung c\u1ea5p c\u00e1c s\u1ea3n ph\u1ea9m v\u00e0 d\u1ecbch v\u1ee5 d\u00e0nh ri\u00eang cho ch\u00f3, m\u00e8o. V\u1edbi s\u1ee9 m\u1ec7nh mang \u0111\u1ebfn s\u1ef1 tho\u1ea3i m\u00e1i, ti\u1ec7n l\u1ee3i v\u00e0 ch\u1ea5t l\u01b0\u1ee3ng cao cho th\u00fa c\u01b0ng, [&hellip;]<\/p>\n","protected":false},"author":1,"featured_media":738,"parent":0,"menu_order":0,"comment_status":"closed","ping_status":"closed","template":"","meta":{"footnotes":""},"class_list":["post-82","page","type-page","status-publish","has-post-thumbnail","hentry"],"jetpack_sharing_enabled":true,"_links":{"self":[{"href":"http:\/\/longcando.id.vn\/index.php\/wp-json\/wp\/v2\/pages\/82","targetHints":{"allow":["GET"]}}],"collection":[{"href":"http:\/\/longcando.id.vn\/index.php\/wp-json\/wp\/v2\/pages"}],"about":[{"href":"http:\/\/longcando.id.vn\/index.php\/wp-json\/wp\/v2\/types\/page"}],"author":[{"embeddable":true,"href":"http:\/\/longcando.id.vn\/index.php\/wp-json\/wp\/v2\/users\/1"}],"replies":[{"embeddable":true,"href":"http:\/\/longcando.id.vn\/index.php\/wp-json\/wp\/v2\/comments?post=82"}],"version-history":[{"count":13,"href":"http:\/\/longcando.id.vn\/index.php\/wp-json\/wp\/v2\/pages\/82\/revisions"}],"predecessor-version":[{"id":793,"href":"http:\/\/longcando.id.vn\/index.php\/wp-json\/wp\/v2\/pages\/82\/revisions\/793"}],"wp:featuredmedia":[{"embeddable":true,"href":"http:\/\/longcando.id.vn\/index.php\/wp-json\/wp\/v2\/media\/738"}],"wp:attachment":[{"href":"http:\/\/longcando.id.vn\/index.php\/wp-json\/wp\/v2\/media?parent=82"}],"curies":[{"name":"wp","href":"https:\/\/api.w.org\/{rel}","templated":true}]}}