{"id":612,"date":"2024-12-09T17:28:55","date_gmt":"2024-12-09T17:28:55","guid":{"rendered":"http:\/\/longcando.id.vn\/index.php\/trusted-food-for-your-pets\/"},"modified":"2024-12-12T04:37:12","modified_gmt":"2024-12-12T04:37:12","slug":"trusted-food-for-your-pets","status":"publish","type":"page","link":"http:\/\/longcando.id.vn\/index.php\/trusted-food-for-your-pets\/","title":{"rendered":"C\u00e1c m\u1eb7t h\u00e0ng si\u00eau hot d\u00e0nh cho th\u00fa c\u01b0ng"},"content":{"rendered":"","protected":false},"excerpt":{"rendered":"","protected":false},"author":1,"featured_media":613,"parent":0,"menu_order":0,"comment_status":"closed","ping_status":"closed","template":"","meta":{"footnotes":""},"class_list":["post-612","page","type-page","status-publish","has-post-thumbnail","hentry"],"jetpack_sharing_enabled":true,"_links":{"self":[{"href":"http:\/\/longcando.id.vn\/index.php\/wp-json\/wp\/v2\/pages\/612","targetHints":{"allow":["GET"]}}],"collection":[{"href":"http:\/\/longcando.id.vn\/index.php\/wp-json\/wp\/v2\/pages"}],"about":[{"href":"http:\/\/longcando.id.vn\/index.php\/wp-json\/wp\/v2\/types\/page"}],"author":[{"embeddable":true,"href":"http:\/\/longcando.id.vn\/index.php\/wp-json\/wp\/v2\/users\/1"}],"replies":[{"embeddable":true,"href":"http:\/\/longcando.id.vn\/index.php\/wp-json\/wp\/v2\/comments?post=612"}],"version-history":[{"count":1,"href":"http:\/\/longcando.id.vn\/index.php\/wp-json\/wp\/v2\/pages\/612\/revisions"}],"predecessor-version":[{"id":780,"href":"http:\/\/longcando.id.vn\/index.php\/wp-json\/wp\/v2\/pages\/612\/revisions\/780"}],"wp:featuredmedia":[{"embeddable":true,"href":"http:\/\/longcando.id.vn\/index.php\/wp-json\/wp\/v2\/media\/613"}],"wp:attachment":[{"href":"http:\/\/longcando.id.vn\/index.php\/wp-json\/wp\/v2\/media?parent=612"}],"curies":[{"name":"wp","href":"https:\/\/api.w.org\/{rel}","templated":true}]}}