{"id":602,"date":"2024-12-09T17:28:53","date_gmt":"2024-12-09T17:28:53","guid":{"rendered":"http:\/\/longcando.id.vn\/index.php\/contact-2\/"},"modified":"2024-12-14T04:54:57","modified_gmt":"2024-12-14T04:54:57","slug":"contact-2","status":"publish","type":"page","link":"http:\/\/longcando.id.vn\/index.php\/contact-2\/","title":{"rendered":"\u0110i\u1ec1u kho\u1ea3n &#038; \u0111i\u1ec1u ki\u1ec7n"},"content":{"rendered":"\t\t<div data-elementor-type=\"wp-page\" data-elementor-id=\"602\" class=\"elementor elementor-602\">\n\t\t\t\t<div class=\"elementor-element elementor-element-a196613 e-flex e-con-boxed e-con e-parent\" data-id=\"a196613\" data-element_type=\"container\">\n\t\t\t\t\t<div class=\"e-con-inner\">\n\t\t\t\t<div class=\"elementor-element elementor-element-f6dc359 elementor-invisible elementor-widget elementor-widget-heading\" data-id=\"f6dc359\" data-element_type=\"widget\" data-settings=\"{&quot;_animation&quot;:&quot;bounceIn&quot;}\" data-widget_type=\"heading.default\">\n\t\t\t\t<div class=\"elementor-widget-container\">\n\t\t\t<h2 class=\"elementor-heading-title elementor-size-default\">\u0110I\u1ec0U KHO\u1ea2N V\u00c0 \u0110I\u1ec0U KI\u1ec6N<\/h2>\t\t<\/div>\n\t\t\t\t<\/div>\n\t\t\t\t<div class=\"elementor-element elementor-element-6668f52 elementor-invisible elementor-widget elementor-widget-text-editor\" data-id=\"6668f52\" data-element_type=\"widget\" data-settings=\"{&quot;_animation&quot;:&quot;fadeInUp&quot;}\" data-widget_type=\"text-editor.default\">\n\t\t\t\t<div class=\"elementor-widget-container\">\n\t\t\t\t\t\t\t<p data-pm-slice=\"1 1 []\"><strong>1. Gi\u1edbi Thi\u1ec7u<\/strong> C\u00e1m \u01a1n b\u1ea1n \u0111\u00e3 ch\u1ecdn P-PET SHOP! Khi truy c\u1eadp ho\u1eb7c s\u1eed d\u1ee5ng d\u1ecbch v\u1ee5 c\u1ee7a ch\u00fang t\u00f4i, b\u1ea1n \u0111\u00e3 \u0111\u1ed3ng \u00fd v\u1edbi c\u00e1c \u0111i\u1ec1u kho\u1ea3n v\u00e0 \u0111i\u1ec1u ki\u1ec7n d\u01b0\u1edbi \u0111\u00e2y. Vui l\u00f2ng \u0111\u1ecdc k\u1ef9 tr\u01b0\u1edbc khi mua s\u1ea3n ph\u1ea9m ho\u1eb7c s\u1eed d\u1ee5ng d\u1ecbch v\u1ee5.<\/p><div><hr \/><\/div><p><strong>2. T\u00e0i Kho\u1ea3n Ng\u01b0\u1eddi D\u00f9ng<\/strong><\/p><ul data-spread=\"false\"><li><p>B\u1ea1n c\u1ea7n cung c\u1ea5p th\u00f4ng tin ch\u00ednh x\u00e1c khi t\u1ea1o t\u00e0i kho\u1ea3n ho\u1eb7c \u0111\u1eb7t mua s\u1ea3n ph\u1ea9m.<\/p><\/li><li><p>B\u1ea1n c\u00f3 tr\u00e1ch nhi\u1ec7m b\u1ea3o m\u1eadt th\u00f4ng tin t\u00e0i kho\u1ea3n v\u00e0 m\u1eadt kh\u1ea9u. M\u1ecdi ho\u1ea1t \u0111\u1ed9ng d\u01b0\u1edbi danh ngh\u0129a t\u00e0i kho\u1ea3n c\u1ee7a b\u1ea1n s\u1ebd do b\u1ea1n ch\u1ecbu tr\u00e1ch nhi\u1ec7m.<\/p><\/li><\/ul><div><hr \/><\/div><p><strong>3. \u0110\u1eb7t H\u00e0ng<\/strong><\/p><ul data-spread=\"false\"><li><p>T\u1ea5t c\u1ea3 \u0111\u01a1n h\u00e0ng ph\u1ea3i \u0111\u01b0\u1ee3c x\u00e1c nh\u1eadn qua email ho\u1eb7c s\u1ed1 \u0111i\u1ec7n tho\u1ea1i.<\/p><\/li><li><p>Ch\u00fang t\u00f4i c\u00f3 quy\u1ec1n t\u1eeb ch\u1ed1i ho\u1eb7c h\u1ee7y \u0111\u01a1n h\u00e0ng v\u00ec nh\u1eefng l\u00fd do nh\u01b0 s\u1ea3n ph\u1ea9m h\u1ebft h\u00e0ng, th\u00f4ng tin kh\u00f4ng ch\u00ednh x\u00e1c, ho\u1eb7c thanh to\u00e1n kh\u00f4ng th\u00e0nh c\u00f4ng.<\/p><\/li><\/ul><div><hr \/><\/div><p><strong>4. Thanh To\u00e1n<\/strong><\/p><ul data-spread=\"false\"><li><p>Ch\u00fang t\u00f4i h\u1ed7 tr\u1ee3 c\u00e1c h\u00ecnh th\u1ee9c thanh to\u00e1n: ti\u1ec1n m\u1eb7t, chuy\u1ec3n kho\u1ea3n ng\u00e2n h\u00e0ng, v\u00e0 thanh to\u00e1n qua c\u00e1c n\u1ec1n t\u1ea3ng th\u1ebb t\u00edn d\u1ee5ng\/ph\u1ebf qu\u1ebft.<\/p><\/li><li><p>M\u1ecdi giao d\u1ecbch ph\u1ea3i tu\u00e2n th\u1ee7 quy \u0111\u1ecbnh ph\u00e1p lu\u1eadt v\u00e0 c\u00e1c bi\u00ean ph\u00e1p an to\u00e0n t\u00e0i ch\u00ednh.<\/p><\/li><\/ul><div><hr \/><\/div><p><strong>5. Giao H\u00e0ng<\/strong><\/p><ul data-spread=\"false\"><li><p>Th\u1eddi gian giao h\u00e0ng d\u1ef1 ki\u1ebfn l\u00e0 3-7 ng\u00e0y l\u00e0m vi\u1ec7c, t\u00f9y theo khu v\u1ef1c.<\/p><\/li><li><p>Ph\u00ed giao h\u00e0ng s\u1ebd \u0111\u01b0\u1ee3c t\u00ednh d\u1ef1a tr\u00ean kh\u1ed1i l\u01b0\u1ee3ng v\u00e0 \u0111\u1ecba ch\u1ec9 giao nh\u1eadn.<\/p><\/li><li><p>Ch\u00fang t\u00f4i s\u1ebd th\u00f4ng b\u00e1o cho b\u1ea1n n\u1ebfu c\u00f3 tr\u1ec5 giao h\u00e0ng.<\/p><\/li><\/ul><div><hr \/><\/div><p><strong>6. Ch\u00ednh S\u00e1ch \u0110\u1ed5i Tr\u1ea3<\/strong><\/p><ul data-spread=\"false\"><li><p>S\u1ea3n ph\u1ea9m \u0111\u01b0\u1ee3c \u0111\u1ed5i tr\u1ea3 trong v\u00f2ng 7 ng\u00e0y n\u1ebfu c\u00f3 l\u1ed7i t\u1eeb nh\u00e0 s\u1ea3n xu\u1ea5t ho\u1eb7c giao nh\u1ea7m.<\/p><\/li><li><p>S\u1ea3n ph\u1ea9m ph\u1ea3i c\u00f2n nguy\u00ean bao b\u00ec v\u00e0 ch\u01b0a qua s\u1eed d\u1ee5ng.<\/p><\/li><li><p>Ch\u00fang t\u00f4i kh\u00f4ng h\u1ed7 tr\u1ee3 \u0111\u1ed5i tr\u1ea3 v\u1edbi c\u00e1c s\u1ea3n ph\u1ea9m gi\u1ea3m gi\u00e1 ho\u1eb7c thanh l\u00fd.<\/p><\/li><\/ul><div><hr \/><\/div><p>\u00a0<\/p>\t\t\t\t\t\t<\/div>\n\t\t\t\t<\/div>\n\t\t\t\t\t<\/div>\n\t\t\t\t<\/div>\n\t\t\t\t<\/div>\n\t\t","protected":false},"excerpt":{"rendered":"<p>\u0110I\u1ec0U KHO\u1ea2N V\u00c0 \u0110I\u1ec0U KI\u1ec6N 1. Gi\u1edbi Thi\u1ec7u C\u00e1m \u01a1n b\u1ea1n \u0111\u00e3 ch\u1ecdn P-PET SHOP! Khi truy c\u1eadp ho\u1eb7c s\u1eed d\u1ee5ng d\u1ecbch v\u1ee5 c\u1ee7a ch\u00fang t\u00f4i, b\u1ea1n \u0111\u00e3 \u0111\u1ed3ng \u00fd v\u1edbi c\u00e1c \u0111i\u1ec1u kho\u1ea3n v\u00e0 \u0111i\u1ec1u ki\u1ec7n d\u01b0\u1edbi \u0111\u00e2y. Vui l\u00f2ng \u0111\u1ecdc k\u1ef9 tr\u01b0\u1edbc khi mua s\u1ea3n ph\u1ea9m ho\u1eb7c s\u1eed d\u1ee5ng d\u1ecbch v\u1ee5. 2. T\u00e0i [&hellip;]<\/p>\n","protected":false},"author":1,"featured_media":0,"parent":0,"menu_order":0,"comment_status":"closed","ping_status":"closed","template":"","meta":{"footnotes":""},"class_list":["post-602","page","type-page","status-publish","hentry"],"jetpack_sharing_enabled":true,"_links":{"self":[{"href":"http:\/\/longcando.id.vn\/index.php\/wp-json\/wp\/v2\/pages\/602","targetHints":{"allow":["GET"]}}],"collection":[{"href":"http:\/\/longcando.id.vn\/index.php\/wp-json\/wp\/v2\/pages"}],"about":[{"href":"http:\/\/longcando.id.vn\/index.php\/wp-json\/wp\/v2\/types\/page"}],"author":[{"embeddable":true,"href":"http:\/\/longcando.id.vn\/index.php\/wp-json\/wp\/v2\/users\/1"}],"replies":[{"embeddable":true,"href":"http:\/\/longcando.id.vn\/index.php\/wp-json\/wp\/v2\/comments?post=602"}],"version-history":[{"count":5,"href":"http:\/\/longcando.id.vn\/index.php\/wp-json\/wp\/v2\/pages\/602\/revisions"}],"predecessor-version":[{"id":882,"href":"http:\/\/longcando.id.vn\/index.php\/wp-json\/wp\/v2\/pages\/602\/revisions\/882"}],"wp:attachment":[{"href":"http:\/\/longcando.id.vn\/index.php\/wp-json\/wp\/v2\/media?parent=602"}],"curies":[{"name":"wp","href":"https:\/\/api.w.org\/{rel}","templated":true}]}}