{"id":3,"date":"2024-12-02T11:07:24","date_gmt":"2024-12-02T11:07:24","guid":{"rendered":"http:\/\/longcando.id.vn\/?page_id=3"},"modified":"2024-12-19T16:19:36","modified_gmt":"2024-12-19T16:19:36","slug":"chinh-sach-bao-mat","status":"publish","type":"page","link":"http:\/\/longcando.id.vn\/index.php\/chinh-sach-bao-mat\/","title":{"rendered":"Ch\u00ednh s\u00e1ch b\u1ea3o m\u1eadt"},"content":{"rendered":"\t\t<div data-elementor-type=\"wp-page\" data-elementor-id=\"3\" class=\"elementor elementor-3\">\n\t\t\t\t<div class=\"elementor-element elementor-element-IiTIlHq e-flex e-con-boxed e-con e-parent\" data-id=\"IiTIlHq\" data-element_type=\"container\">\n\t\t\t\t\t<div class=\"e-con-inner\">\n\t\t<div class=\"elementor-element elementor-element-UyaWcD0 e-con-full e-flex elementor-invisible e-con e-child\" data-id=\"UyaWcD0\" data-element_type=\"container\" data-settings=\"{&quot;background_background&quot;:&quot;gradient&quot;,&quot;animation&quot;:&quot;fadeInDown&quot;}\">\n\t\t\t\t<div class=\"elementor-element elementor-element-Wtwuy0m elementor-absolute elementor-widget-divider--view-line elementor-widget elementor-widget-divider\" data-id=\"Wtwuy0m\" data-element_type=\"widget\" data-settings=\"{&quot;_position&quot;:&quot;absolute&quot;}\" data-widget_type=\"divider.default\">\n\t\t\t\t<div class=\"elementor-widget-container\">\n\t\t\t\t\t<div class=\"elementor-divider\">\n\t\t\t<span class=\"elementor-divider-separator\">\n\t\t\t\t\t\t<\/span>\n\t\t<\/div>\n\t\t\t\t<\/div>\n\t\t\t\t<\/div>\n\t\t\t\t<div class=\"elementor-element elementor-element-UyrqWyQ elementor-absolute elementor-widget-divider--view-line elementor-widget elementor-widget-divider\" data-id=\"UyrqWyQ\" data-element_type=\"widget\" data-settings=\"{&quot;_position&quot;:&quot;absolute&quot;}\" data-widget_type=\"divider.default\">\n\t\t\t\t<div class=\"elementor-widget-container\">\n\t\t\t\t\t<div class=\"elementor-divider\">\n\t\t\t<span class=\"elementor-divider-separator\">\n\t\t\t\t\t\t<\/span>\n\t\t<\/div>\n\t\t\t\t<\/div>\n\t\t\t\t<\/div>\n\t\t\t\t<div class=\"elementor-element elementor-element-21zBi9X elementor-widget__width-initial elementor-widget-tablet__width-inherit elementor-widget elementor-widget-heading\" data-id=\"21zBi9X\" data-element_type=\"widget\" data-widget_type=\"heading.default\">\n\t\t\t\t<div class=\"elementor-widget-container\">\n\t\t\t<h2 class=\"elementor-heading-title elementor-size-default\">Ch\u00fang t\u00f4i cam k\u1ebft <br>b\u1ea3o v\u1ec7 th\u00f4ng tin c\u1ee7a b\u1ea1n<\/h2>\t\t<\/div>\n\t\t\t\t<\/div>\n\t\t\t\t<div class=\"elementor-element elementor-element-3viLXcr elementor-widget__width-inherit elementor-widget elementor-widget-text-editor\" data-id=\"3viLXcr\" data-element_type=\"widget\" data-widget_type=\"text-editor.default\">\n\t\t\t\t<div class=\"elementor-widget-container\">\n\t\t\t\t\t\t\t<p style=\"text-align: center;\">T\u1ea1i P-Pet Shop, vi\u1ec7c b\u1ea3o v\u1ec7 d\u1eef li\u1ec7u c\u00e1 nh\u00e2n c\u1ee7a b\u1ea1n l\u00e0 \u0111i\u1ec1u quan tr\u1ecdng nh\u1ea5t \u0111\u1ed1i v\u1edbi ch\u00fang t\u00f4i. Vui l\u00f2ng \u0111\u1ecdc k\u1ef9 ch\u00ednh s\u00e1ch b\u1ea3o m\u1eadt n\u00e0y \u0111\u1ec3 hi\u1ec3u r\u00f5 c\u00e1ch ch\u00fang t\u00f4i thu th\u1eadp, s\u1eed d\u1ee5ng v\u00e0 b\u1ea3o v\u1ec7 th\u00f4ng tin c\u1ee7a b\u1ea1n.<\/p>\t\t\t\t\t\t<\/div>\n\t\t\t\t<\/div>\n\t\t\t\t<div class=\"elementor-element elementor-element-02b80f8 elementor-widget elementor-widget-text-editor\" data-id=\"02b80f8\" data-element_type=\"widget\" data-widget_type=\"text-editor.default\">\n\t\t\t\t<div class=\"elementor-widget-container\">\n\t\t\t\t\t\t\t<p data-pm-slice=\"1 3 []\"><strong>1. Th\u00f4ng Tin Ch\u00fang T\u00f4i Thu Th\u1eadp<\/strong> Ch\u00fang t\u00f4i c\u00f3 th\u1ec3 thu th\u1eadp c\u00e1c th\u00f4ng tin sau:<\/p>\n<ul data-spread=\"false\">\n<li>\n<p><strong>Th\u00f4ng tin c\u00e1 nh\u00e2n<\/strong>: H\u1ecd t\u00ean, \u0111\u1ecba ch\u1ec9, s\u1ed1 \u0111i\u1ec7n tho\u1ea1i, email khi b\u1ea1n \u0111\u0103ng k\u00fd ho\u1eb7c mua h\u00e0ng.<\/p>\n<\/li>\n<li>\n<p><strong>Th\u00f4ng tin giao d\u1ecbch<\/strong>: L\u1ecbch s\u1eed mua h\u00e0ng, th\u00f4ng tin thanh to\u00e1n.<\/p>\n<\/li>\n<li>\n<p><strong>Th\u00f4ng tin duy\u1ec7t web<\/strong>: Cookie, \u0111\u1ecba ch\u1ec9 IP v\u00e0 h\u00e0nh vi truy c\u1eadp trang web.<\/p>\n<\/li>\n<\/ul>\n<div><hr \/><\/div>\n<p><strong>2. M\u1ee5c \u0110\u00edch S\u1eed D\u1ee5ng Th\u00f4ng Tin<\/strong> Ch\u00fang t\u00f4i s\u1eed d\u1ee5ng th\u00f4ng tin c\u1ee7a b\u1ea1n nh\u1eb1m m\u1ee5c \u0111\u00edch sau:<\/p>\n<ul data-spread=\"false\">\n<li>\n<p>X\u1eed l\u00fd \u0111\u01a1n h\u00e0ng v\u00e0 giao h\u00e0ng.<\/p>\n<\/li>\n<li>\n<p>Cung c\u1ea5p d\u1ecbch v\u1ee5 kh\u00e1ch h\u00e0ng.<\/p>\n<\/li>\n<li>\n<p>N\u00e2ng cao tr\u1ea3i nghi\u1ec7m mua s\u1eafm tr\u00ean trang web.<\/p>\n<\/li>\n<li>\n<p>G\u1eedi th\u00f4ng b\u00e1o v\u1ec1 khuy\u1ebfn m\u00e3i, s\u1ea3n ph\u1ea9m m\u1edbi (n\u1ebfu \u0111\u01b0\u1ee3c \u0111\u1ed3ng \u00fd).<\/p>\n<\/li>\n<li>\n<p>Tu\u00e2n th\u1ee7 quy \u0111\u1ecbnh ph\u00e1p lu\u1eadt.<\/p>\n<\/li>\n<\/ul>\n<div><hr \/><\/div>\n<p><strong>3. Chia S\u1ebb Th\u00f4ng Tin<\/strong> Ch\u00fang t\u00f4i cam k\u1ebft kh\u00f4ng b\u00e1n, trao \u0111\u1ed5i hay chia s\u1ebb th\u00f4ng tin c\u1ee7a b\u1ea1n cho b\u00ean th\u1ee9 ba ngo\u00e0i tr\u1eeb c\u00e1c tr\u01b0\u1eddng h\u1ee3p sau:<\/p>\n<ul data-spread=\"false\">\n<li>\n<p>\u0110\u1ed1i t\u00e1c v\u1eadn chuy\u1ec3n ho\u1eb7c thanh to\u00e1n khi x\u1eed l\u00fd \u0111\u01a1n h\u00e0ng.<\/p>\n<\/li>\n<li>\n<p>Y\u00eau c\u1ea7u ph\u00e1p l\u00fd t\u1eeb c\u01a1 quan ch\u1ee9c n\u0103ng.<\/p>\n<\/li>\n<li>\n<p>C\u00e1c nh\u00e0 cung c\u1ea5p d\u1ecbch v\u1ee5 h\u1ed7 tr\u1ee3 nh\u01b0 l\u1eadu tr\u1eef d\u1eef li\u1ec7u ho\u1eb7c email marketing (v\u1edbi \u0111i\u1ec1u ki\u1ec7n tu\u00e2n th\u1ee7 ch\u00ednh s\u00e1ch b\u1ea3o m\u1eadt).<\/p>\n<\/li>\n<\/ul>\n<div><hr \/><\/div>\n<p><strong>4. B\u1ea3o V\u1ec7 Th\u00f4ng Tin<\/strong> Ch\u00fang t\u00f4i \u00e1p d\u1ee5ng c\u00e1c bi\u1ec7n ph\u00e1p k\u1ef9 thu\u1eadt nh\u01b0 m\u00e3 h\u00f3a, t\u01b0\u1eddng l\u1eeda \u0111\u1ec3 b\u1ea3o v\u1ec7 th\u00f4ng tin c\u00e1 nh\u00e2n. Tuy nhi\u00ean, ch\u00fang t\u00f4i kh\u00f4ng \u0111\u1ea3m b\u1ea3o tuy\u1ec7t \u0111\u1ed1i v\u00ec nguy c\u01a1 b\u1ecb x\u00e2m nh\u1eadp tr\u00e1i ph\u00e9p.<\/p>\n<div><hr \/><\/div>\n<p><strong>5. Quy\u1ec1n L\u1ee3i C\u1ee7a B\u1ea1n<\/strong> B\u1ea1n c\u00f3 quy\u1ec1n:<\/p>\n<ul data-spread=\"false\">\n<li>\n<p>Truy c\u1eadp, ch\u00ednh s\u1eeda ho\u1eb7c y\u00eau c\u1ea7u xo\u00e1 th\u00f4ng tin c\u1ee7a m\u00ecnh.<\/p>\n<\/li>\n<li>\n<p>T\u1eeb ch\u1ed1i nh\u1eadn th\u00f4ng b\u00e1o marketing b\u1ea5t c\u1ee9 l\u00fac n\u00e0o.<\/p>\n<\/li>\n<li>\n<p>Li\u00ean h\u1ec7 ch\u00fang t\u00f4i qua email ho\u1eb7c hotline n\u1ebfu c\u00f3 th\u1eafc m\u1eafc v\u1ec1 ch\u00ednh s\u00e1ch b\u1ea3o m\u1eadt.<\/p>\n<\/li>\n<\/ul>\n<div><hr \/><\/div>\n<p><strong>6. Li\u00ean H\u1ec7:<\/strong> P-PET SHOP lu\u00f4n s\u1eb5n s\u00e0ng l\u1eafng nghe b\u1ea1n. M\u1ecdi th\u00f4ng tin chi ti\u1ebft, vui l\u00f2ng li\u00ean h\u1ec7:<\/p>\n<ul data-spread=\"false\">\n<li>\n<p><strong>Gmail<\/strong>:\u00a0<a>ppetshoptmdt@gmail.com<\/a><\/p>\n<\/li>\n<li>\n<p><strong>Hotline<\/strong>: 0981 839 485<\/p>\n<\/li>\n<li>\n<p><strong>\u0110\u1ecba ch\u1ec9<\/strong>: Khu ph\u1ed1 6, P.Linh Trung, Tp.Th\u1ee7 \u0110\u1ee9c, Tp.H\u1ed3 Ch\u00ed Minh<\/p>\n<\/li>\n<\/ul>\t\t\t\t\t\t<\/div>\n\t\t\t\t<\/div>\n\t\t\t\t<\/div>\n\t\t\t\t\t<\/div>\n\t\t\t\t<\/div>\n\t\t\t\t<\/div>\n\t\t","protected":false},"excerpt":{"rendered":"<p>Ch\u00fang t\u00f4i cam k\u1ebft b\u1ea3o v\u1ec7 th\u00f4ng tin c\u1ee7a b\u1ea1n T\u1ea1i P-Pet Shop, vi\u1ec7c b\u1ea3o v\u1ec7 d\u1eef li\u1ec7u c\u00e1 nh\u00e2n c\u1ee7a b\u1ea1n l\u00e0 \u0111i\u1ec1u quan tr\u1ecdng nh\u1ea5t \u0111\u1ed1i v\u1edbi ch\u00fang t\u00f4i. Vui l\u00f2ng \u0111\u1ecdc k\u1ef9 ch\u00ednh s\u00e1ch b\u1ea3o m\u1eadt n\u00e0y \u0111\u1ec3 hi\u1ec3u r\u00f5 c\u00e1ch ch\u00fang t\u00f4i thu th\u1eadp, s\u1eed d\u1ee5ng v\u00e0 b\u1ea3o v\u1ec7 th\u00f4ng tin [&hellip;]<\/p>\n","protected":false},"author":1,"featured_media":0,"parent":0,"menu_order":0,"comment_status":"closed","ping_status":"open","template":"","meta":{"footnotes":""},"class_list":["post-3","page","type-page","status-publish","hentry"],"jetpack_sharing_enabled":true,"_links":{"self":[{"href":"http:\/\/longcando.id.vn\/index.php\/wp-json\/wp\/v2\/pages\/3","targetHints":{"allow":["GET"]}}],"collection":[{"href":"http:\/\/longcando.id.vn\/index.php\/wp-json\/wp\/v2\/pages"}],"about":[{"href":"http:\/\/longcando.id.vn\/index.php\/wp-json\/wp\/v2\/types\/page"}],"author":[{"embeddable":true,"href":"http:\/\/longcando.id.vn\/index.php\/wp-json\/wp\/v2\/users\/1"}],"replies":[{"embeddable":true,"href":"http:\/\/longcando.id.vn\/index.php\/wp-json\/wp\/v2\/comments?post=3"}],"version-history":[{"count":6,"href":"http:\/\/longcando.id.vn\/index.php\/wp-json\/wp\/v2\/pages\/3\/revisions"}],"predecessor-version":[{"id":969,"href":"http:\/\/longcando.id.vn\/index.php\/wp-json\/wp\/v2\/pages\/3\/revisions\/969"}],"wp:attachment":[{"href":"http:\/\/longcando.id.vn\/index.php\/wp-json\/wp\/v2\/media?parent=3"}],"curies":[{"name":"wp","href":"https:\/\/api.w.org\/{rel}","templated":true}]}}